{"id":138,"date":"2024-11-22T15:13:42","date_gmt":"2024-11-22T15:13:42","guid":{"rendered":"https:\/\/www.chat-dorp.nl\/?page_id=138"},"modified":"2025-12-19T11:38:14","modified_gmt":"2025-12-19T11:38:14","slug":"nieuwberichten","status":"publish","type":"page","link":"https:\/\/www.chat-dorp.nl\/?page_id=138","title":{"rendered":"Nieuwsberichten"},"content":{"rendered":"\n<p class=\"has-accent-1-color has-text-color has-link-color wp-elements-cd4c7ed50c0c86d7e681e8d10f5cda2c\"><strong><mark style=\"background-color:rgba(0, 0, 0, 0)\" class=\"has-inline-color has-accent-1-color\">Het nieuws van de chat<\/mark><\/strong><\/p>\n\n\n\n<p><\/p>\n\n\n\n<hr class=\"wp-block-separator has-alpha-channel-opacity\"\/>\n\n\n\n<figure class=\"wp-block-image size-large is-resized\"><img loading=\"lazy\" decoding=\"async\" width=\"1024\" height=\"1024\" src=\"https:\/\/www.chat-dorp.nl\/wp-content\/uploads\/2025\/12\/user3_b79c242de28d-1024x1024.png\" alt=\"\" class=\"wp-image-354\" style=\"width:160px;height:auto\" srcset=\"https:\/\/www.chat-dorp.nl\/wp-content\/uploads\/2025\/12\/user3_b79c242de28d-1024x1024.png 1024w, https:\/\/www.chat-dorp.nl\/wp-content\/uploads\/2025\/12\/user3_b79c242de28d-300x300.png 300w, https:\/\/www.chat-dorp.nl\/wp-content\/uploads\/2025\/12\/user3_b79c242de28d-150x150.png 150w, https:\/\/www.chat-dorp.nl\/wp-content\/uploads\/2025\/12\/user3_b79c242de28d-768x768.png 768w, https:\/\/www.chat-dorp.nl\/wp-content\/uploads\/2025\/12\/user3_b79c242de28d-1536x1536.png 1536w, https:\/\/www.chat-dorp.nl\/wp-content\/uploads\/2025\/12\/user3_b79c242de28d-2048x2048.png 2048w\" sizes=\"auto, (max-width: 1024px) 100vw, 1024px\" \/><\/figure>\n\n\n\n<p>Doe mee en win!<\/p>\n\n\n\n<p>Er staan regelmatig raadsels in de spelkamer.<br>Hiervoor kun je munten ontvangen. Bij 10, 50, 100, 150&#8230; Krijg je een verrassing. Graag even een seintje geven als je recht hebt op die verrassing.<br>De antwoorden mogen bij Enigma of Sapphire priv\u00e9, niet in de spelkamer zelf. Willen jullie alsjeblieft de antwoorden bij \u00e9\u00e9n van ons geven, niet bij allebei, om verwarring te voorkomen.<\/p>\n\n\n\n<p>Op chatdorp radio is net na het hele uur, ieder uur, een stukje gitaarspel van Omega te horen. Raad je het nummer zet het dan priv\u00e9 bij Enigma. Je kunt hiermee 250 aan goud winnen en een speciaal wincadeautje waar ook verrassingen voor zijn.<\/p>\n\n\n\n<p>Succes en veel plezier!<\/p>\n\n\n\n<hr class=\"wp-block-separator has-alpha-channel-opacity\"\/>\n\n\n\n<p><sup>*8-07-2025*<\/sup> <mark style=\"background-color:rgba(0, 0, 0, 0)\" class=\"has-inline-color has-accent-1-color\">WIN ACTIE BIJ CHATDORP RADIO!<\/mark><\/p>\n\n\n\n<p>Doe mee en win een GOUDPRIJS! \ud83c\udfc6\u2728Luister aandachtig naar Omega&#8217;s gitaarklanken. Hoor jij welk nummer hij speelt?<\/p>\n\n\n\n<p>\ud83d\udc49 Raad het juiste nummer<\/p>\n\n\n\n<p>\ud83d\udc49 Gooi je antwoord bij Enigma prive<\/p>\n\n\n\n<p>\ud83d\udc49 En maak kans op een echte goudprijs!<\/p>\n\n\n\n<p>\ud83d\udcc5 Een hele week lang, elk uur een stukje gitaarspel op chatdorp radio. Elke week een nieuw nummer. Dus wees paraat, spits je oren&#8230; en win die prijs!<\/p>\n\n\n\n<hr class=\"wp-block-separator has-alpha-channel-opacity\"\/>\n\n\n\n<figure class=\"wp-block-image size-large\"><img loading=\"lazy\" decoding=\"async\" width=\"1024\" height=\"683\" src=\"https:\/\/www.chat-dorp.nl\/wp-content\/uploads\/2025\/04\/Picsart_25-04-28_22-24-50-145-1024x683.jpg\" alt=\"\" class=\"wp-image-327\" srcset=\"https:\/\/www.chat-dorp.nl\/wp-content\/uploads\/2025\/04\/Picsart_25-04-28_22-24-50-145-1024x683.jpg 1024w, https:\/\/www.chat-dorp.nl\/wp-content\/uploads\/2025\/04\/Picsart_25-04-28_22-24-50-145-300x200.jpg 300w, https:\/\/www.chat-dorp.nl\/wp-content\/uploads\/2025\/04\/Picsart_25-04-28_22-24-50-145-768x512.jpg 768w, https:\/\/www.chat-dorp.nl\/wp-content\/uploads\/2025\/04\/Picsart_25-04-28_22-24-50-145-1536x1024.jpg 1536w, https:\/\/www.chat-dorp.nl\/wp-content\/uploads\/2025\/04\/Picsart_25-04-28_22-24-50-145.jpg 1620w\" sizes=\"auto, (max-width: 1024px) 100vw, 1024px\" \/><\/figure>\n\n\n\n<p><sup>*29-04-2025*<\/sup><\/p>\n\n\n\n<p><mark style=\"background-color:rgba(0, 0, 0, 0)\" class=\"has-inline-color has-accent-1-color\">Chatdorp bestaat 1 jaar!<\/mark><\/p>\n\n\n\n<p>Wat begon als een droom, een plek waar chatvrienden samen konden komen, werd werkelijkheid.<\/p>\n\n\n\n<p>Niet zonder uitdagingen: we kregen te maken met tegenslagen, tegenwerking en stiltes.<br>Maar ook kwamen er momenten van steun, oprechte vriendschap, gezellige drukte en onverwachte verbondenheid.<\/p>\n\n\n\n<p>De wereld van chatten verandert snel.<br>Niet alle vriendschappen doorstaan die veranderingen, dat is soms moeilijk, maar ieder zijn eigen keuze.<br>Mensen komen en gaan, ieder met hun eigen redenen.<br>In de vluchtige wereld van online chat is het gemakkelijk de menselijke connectie uit het oog te verliezen.<br>Toch is d\u00e1t precies waar Chatdorp voor staat: het warme dorpsgevoel, de kracht van samenhorigheid.<\/p>\n\n\n\n<p>Soms is het even wat stiller \u2013 dat gebeurt nu eenmaal. Laten we elkaar daarin de ruimte geven, zonder ons meteen zorgen te maken. Als jullie, samen met ons blijven investeren in ons dorp en met openheid en geduld blijven kijken naar wat komt, ontstaat er vanzelf weer verbinding, nieuwe chatters en meer gezelligheid.<\/p>\n\n\n\n<p>Want Chatdorp is niet \u00e9\u00e9n van de vele chatsites op jouw schermpje.<br>Het is een poortje, naar een virtuele wereld, vol echte mensen met verhalen, zorgen, dromen en gevoelens.<\/p>\n\n\n\n<p><mark style=\"background-color:rgba(0, 0, 0, 0)\" class=\"has-inline-color has-accent-1-color\">Dorpsgenoten, bedankt<\/mark> dat jullie daar deel van uitmaken.<br>Op naar nog veel meer mooie momenten samen!<\/p>\n\n\n\n<p><mark style=\"background-color:rgba(0, 0, 0, 0)\" class=\"has-inline-color has-accent-1-color\">Omega dankjewel<\/mark> voor jouw kalme probleemoplossende houding en onvoorwaardelijke steun. Ik heb altijd veel plezier in het samen puzzelen om de chat mooier en leuker voor de chatters te maken. Ik verheug me erop deze prettige samenwerking en vriendschap voort te zetten.<\/p>\n\n\n\n<p><mark style=\"background-color:rgba(0, 0, 0, 0)\" class=\"has-inline-color has-accent-1-color\">Madelief, Ram en Joy<\/mark><br>Zonder ons team zou chatdorp natuurlijk niks zijn!<br>Heel erg bedankt voor al jullie geduld en inzet om deze chatsite gezellig, veilig en draaiende te houden. Jullie zien en regelen veel achter de schermen waar velen geen idee van hebben.<\/p>\n\n\n\n<p>Als laatste wil ik graag Mystery en Poison bedanken, we missen jullie, maar we zullen jullie bijdrage aan chatdorp nooit vergeten \ud83d\udc9a<\/p>\n\n\n\n<hr class=\"wp-block-separator has-alpha-channel-opacity\"\/>\n\n\n\n<p><img loading=\"lazy\" decoding=\"async\" width=\"300\" height=\"225\" class=\"wp-image-290\" style=\"width: 300px;\" src=\"https:\/\/www.chat-dorp.nl\/wp-content\/uploads\/2025\/01\/user3_3e0d626a5f63.jpg\" alt=\"\" srcset=\"https:\/\/www.chat-dorp.nl\/wp-content\/uploads\/2025\/01\/user3_3e0d626a5f63.jpg 1440w, https:\/\/www.chat-dorp.nl\/wp-content\/uploads\/2025\/01\/user3_3e0d626a5f63-300x225.jpg 300w, https:\/\/www.chat-dorp.nl\/wp-content\/uploads\/2025\/01\/user3_3e0d626a5f63-1024x768.jpg 1024w, https:\/\/www.chat-dorp.nl\/wp-content\/uploads\/2025\/01\/user3_3e0d626a5f63-768x576.jpg 768w\" sizes=\"auto, (max-width: 300px) 100vw, 300px\" \/><\/p>\n\n\n\n<p><mark style=\"background-color:rgba(0, 0, 0, 0)\" class=\"has-inline-color has-base-color\"><sup>*26-01-2025*<\/sup><\/mark><\/p>\n\n\n\n<p>Wil jij <mark style=\"background-color:rgba(0, 0, 0, 0)\" class=\"has-inline-color has-accent-1-color\">vip kopen <\/mark>en ereburger worden? Dat kan!<\/p>\n\n\n\n<p>**JE KUNT HET OOK ALS <mark style=\"background-color:rgba(0, 0, 0, 0)\" class=\"has-inline-color has-accent-1-color\">CADEAUTJE <\/mark>AAN IEMAND ANDERS GEVEN**<\/p>\n\n\n\n<p>VIP OPTIES:<br>1 week \u20ac2<br>1mnd \u20ac3<br>3 mnd \u20ac5<br>1jaar \u20ac15<\/p>\n\n\n\n<p>Stuur een mail naar vip@chatdorp.nl<br>met vermelding van jouw chatnaam of van de chatter die je wil verrassen en wij maken het in orde.<\/p>\n\n\n\n<hr class=\"wp-block-separator has-alpha-channel-opacity\"\/>\n\n\n\n<p><img loading=\"lazy\" decoding=\"async\" width=\"150\" height=\"107\" class=\"wp-image-225\" style=\"width: 150px;\" src=\"https:\/\/www.chat-dorp.nl\/wp-content\/uploads\/2025\/01\/Picsart_25-01-10_15-32-16-939.png\" alt=\"\" srcset=\"https:\/\/www.chat-dorp.nl\/wp-content\/uploads\/2025\/01\/Picsart_25-01-10_15-32-16-939.png 3464w, https:\/\/www.chat-dorp.nl\/wp-content\/uploads\/2025\/01\/Picsart_25-01-10_15-32-16-939-300x213.png 300w, https:\/\/www.chat-dorp.nl\/wp-content\/uploads\/2025\/01\/Picsart_25-01-10_15-32-16-939-1024x728.png 1024w, https:\/\/www.chat-dorp.nl\/wp-content\/uploads\/2025\/01\/Picsart_25-01-10_15-32-16-939-768x546.png 768w, https:\/\/www.chat-dorp.nl\/wp-content\/uploads\/2025\/01\/Picsart_25-01-10_15-32-16-939-1536x1093.png 1536w, https:\/\/www.chat-dorp.nl\/wp-content\/uploads\/2025\/01\/Picsart_25-01-10_15-32-16-939-2048x1457.png 2048w\" sizes=\"auto, (max-width: 150px) 100vw, 150px\" \/><br><sup>*09-01-2025*<\/sup> Nieuwkomers krijgen een week <mark style=\"background-color:rgba(0, 0, 0, 0)\" class=\"has-inline-color has-accent-1-color\">welkomsvip<\/mark> bij het aanmaken van een account.<br>Breng je een vriend mee dan wordt het een maand.<br>Bij meerdere vrienden zelfs 3 maanden.<\/p>\n\n\n\n<hr class=\"wp-block-separator has-alpha-channel-opacity\"\/>\n\n\n\n<p><img loading=\"lazy\" decoding=\"async\" width=\"150\" height=\"120\" class=\"wp-image-234\" style=\"width: 150px;\" src=\"https:\/\/www.chat-dorp.nl\/wp-content\/uploads\/2025\/01\/Picsart_25-01-10_16-01-35-631.png\" alt=\"\" srcset=\"https:\/\/www.chat-dorp.nl\/wp-content\/uploads\/2025\/01\/Picsart_25-01-10_16-01-35-631.png 1345w, https:\/\/www.chat-dorp.nl\/wp-content\/uploads\/2025\/01\/Picsart_25-01-10_16-01-35-631-300x241.png 300w, https:\/\/www.chat-dorp.nl\/wp-content\/uploads\/2025\/01\/Picsart_25-01-10_16-01-35-631-1024x822.png 1024w, https:\/\/www.chat-dorp.nl\/wp-content\/uploads\/2025\/01\/Picsart_25-01-10_16-01-35-631-768x617.png 768w\" sizes=\"auto, (max-width: 150px) 100vw, 150px\" \/><sup><mark style=\"background-color:rgba(0, 0, 0, 0)\" class=\"has-inline-color has-base-color\">*04-01-2025* <\/mark><\/sup>We hebben een <mark style=\"background-color:rgba(0, 0, 0, 0)\" class=\"has-inline-color has-accent-1-color\">quiz room <\/mark><mark style=\"background-color:rgba(0, 0, 0, 0)\" class=\"has-inline-color has-base-color\">toegevoegd<\/mark>. De totaal scores zijn te vinden in het linkermenu. Veel plezier ermee!<\/p>\n\n\n\n<p><\/p>\n\n\n\n<hr class=\"wp-block-separator has-alpha-channel-opacity\"\/>\n\n\n\n<p><\/p>\n","protected":false},"excerpt":{"rendered":"<p>Het nieuws van de chat Doe mee en win! Er staan regelmatig raadsels in de spelkamer.Hiervoor kun je munten ontvangen. Bij 10, 50, 100, 150&#8230; Krijg je een verrassing. Graag even een seintje geven als je recht hebt op die verrassing.De antwoorden mogen bij Enigma of Sapphire priv\u00e9, niet in de spelkamer zelf. Willen jullie [&hellip;]<\/p>\n","protected":false},"author":2,"featured_media":0,"parent":0,"menu_order":5,"comment_status":"closed","ping_status":"closed","template":"","meta":{"footnotes":""},"class_list":["post-138","page","type-page","status-publish","hentry"],"_links":{"self":[{"href":"https:\/\/www.chat-dorp.nl\/index.php?rest_route=\/wp\/v2\/pages\/138","targetHints":{"allow":["GET"]}}],"collection":[{"href":"https:\/\/www.chat-dorp.nl\/index.php?rest_route=\/wp\/v2\/pages"}],"about":[{"href":"https:\/\/www.chat-dorp.nl\/index.php?rest_route=\/wp\/v2\/types\/page"}],"author":[{"embeddable":true,"href":"https:\/\/www.chat-dorp.nl\/index.php?rest_route=\/wp\/v2\/users\/2"}],"replies":[{"embeddable":true,"href":"https:\/\/www.chat-dorp.nl\/index.php?rest_route=%2Fwp%2Fv2%2Fcomments&post=138"}],"version-history":[{"count":49,"href":"https:\/\/www.chat-dorp.nl\/index.php?rest_route=\/wp\/v2\/pages\/138\/revisions"}],"predecessor-version":[{"id":355,"href":"https:\/\/www.chat-dorp.nl\/index.php?rest_route=\/wp\/v2\/pages\/138\/revisions\/355"}],"wp:attachment":[{"href":"https:\/\/www.chat-dorp.nl\/index.php?rest_route=%2Fwp%2Fv2%2Fmedia&parent=138"}],"curies":[{"name":"wp","href":"https:\/\/api.w.org\/{rel}","templated":true}]}}